{"id":2,"date":"2018-06-04T15:04:48","date_gmt":"2018-06-04T13:04:48","guid":{"rendered":"http:\/\/malibu.rigagialla.it\/?page_id=2"},"modified":"2019-07-10T14:21:22","modified_gmt":"2019-07-10T12:21:22","slug":"pagina-di-esempio","status":"publish","type":"page","link":"https:\/\/www.gelateriamalibucarate.it\/","title":{"rendered":"Gelateria Malib\u00f9 &#8211; Carate Brianza"},"content":{"rendered":"<div id=\"pl-2\"  class=\"panel-layout\" ><div id=\"pg-2-0\"  class=\"panel-grid panel-has-style\" ><div class=\"siteorigin-panels-stretch panel-row-style panel-row-style-for-2-0\" style=\"border-bottom: 1px solid #ffffff;padding: 100px 0; \" id=\"chisiamo\" data-stretch-type=\"full\" data-overlay=\"true\" data-overlay-color=\"#ffffff\" ><div id=\"pgc-2-0-0\"  class=\"panel-grid-cell\" ><div id=\"panel-2-0-0-0\" class=\"so-panel widget widget_sow-editor panel-first-child panel-last-child\" data-index=\"0\" ><div style=\"text-align: left;\" data-title-color=\"#443f3f\" data-headings-color=\"#443f3f\" class=\"panel-widget-style panel-widget-style-for-2-0-0-0\" ><div\n\t\t\t\n\t\t\tclass=\"so-widget-sow-editor so-widget-sow-editor-base\"\n\t\t\t\n\t\t><h3 class=\"widget-title\">Gelateria Malib\u00f9 - da vent'anni nel Centro di Carate Brianza<\/h3>\n<div class=\"siteorigin-widget-tinymce textwidget\">\n\t<div style=\"text-align: center;\">La nostra storia ha origine nel 1998, quando decidiamo di rilevare un locale nel centro di<strong> Carate Brianza<\/strong>.<br \/>\nDa allora quel locale \u00e8 conosciuto come <strong>Gelateria Malib\u00f9<\/strong>.<\/div>\n<div style=\"text-align: center;\"><\/div>\n<div class=\"_2cuy _3dgx _2vxa\" style=\"text-align: center;\">Con la stessa passione di 20 anni fa <strong>coccoliamo i nostri clienti<\/strong> e li stupiamo, tenendoci sempre aggiornati sulle ultime novit\u00e0 in fatto di produzione dei gelati, frequentando fiere, eventi e corsi, proponendo novit\u00e0 e abbinamenti particolari. Che siano gusti tradizionali o nuovi, tutto il nostro gelato \u00e8 <span class=\"_4yxo\">senza glutine<\/span>.<\/div>\n<div><\/div>\n<div class=\"_2cuy _3dgx _2vxa\" style=\"text-align: center;\">Il segreto \u00e8 la<strong> semplicit\u00e0 e la genuinit\u00e0 degli ingredienti<\/strong>: il gelato alla frutta? \u00e8 semplicemente fatto con <strong>frutta fresca, acqua e fruttosio<\/strong> (senza latte , n\u00e9 derivati); altri gusti sono particolarmente indicati per chi \u00e8 <span class=\"_4yxo\">intollerante al lattosio<\/span>, come il fiordilatte di capra ( fatto con il latte di capra), la soia e il cioccolato fondente ( senza latte).\u00a0Le nostre granite sono<span class=\"_4yxo\"> vere granite siciliane<\/span>, realizzate con frutta fresca e ghiaccio finissimo.<\/div>\n<div class=\"_2cuy _3dgx _2vxa\" style=\"text-align: center;\">Le nostre granite preferite sono quelle alla mandorla, alla fragola, al melone, al pompelmo rosa, all'anguria e alla pesca.<\/div>\n<\/div>\n<\/div><\/div><\/div><\/div><\/div><\/div><div id=\"pg-2-1\"  class=\"panel-grid panel-has-style\" ><div class=\"siteorigin-panels-stretch panel-row-style panel-row-style-for-2-1\" style=\"background-image: url(https:\/\/www.gelateriamalibucarate.it\/wp-content\/uploads\/2018\/07\/Sfondo-gelateria-carate-malibu-4.jpg);padding: 100px 0; \" id=\"prodotti\" data-stretch-type=\"full\" data-hasbg=\"hasbg\" data-overlay=\"true\" data-overlay-color=\"#ffffff\" ><div id=\"pgc-2-1-0\"  class=\"panel-grid-cell\" ><div id=\"panel-2-1-0-0\" class=\"so-panel widget widget_sow-editor panel-first-child panel-last-child\" data-index=\"1\" ><div style=\"text-align: left;\" data-title-color=\"#443f3f\" data-headings-color=\"#443f3f\" class=\"panel-widget-style panel-widget-style-for-2-1-0-0\" ><div\n\t\t\t\n\t\t\tclass=\"so-widget-sow-editor so-widget-sow-editor-base\"\n\t\t\t\n\t\t><h3 class=\"widget-title\">I nostri prodotti<\/h3>\n<div class=\"siteorigin-widget-tinymce textwidget\">\n\t<p style=\"text-align: center;\"><strong>Ghiaccioli<\/strong><\/p>\n<p style=\"text-align: center;\"><strong>Calippi<\/strong><\/p>\n<p style=\"text-align: center;\"><strong>Torte gelato (anche su ordinazione)<\/strong><\/p>\n<p style=\"text-align: center;\"><strong>Granite<\/strong><\/p>\n<p style=\"text-align: center;\"><strong>Semifreddi<\/strong><\/p>\n<p style=\"text-align: center;\"><strong>Biscotti gelato<\/strong><\/p>\n<p style=\"text-align: center;\"><strong>Dopocena<\/strong><\/p>\n<p style=\"text-align: center;\"><strong>Mottarelli<\/strong><\/p>\n<p style=\"text-align: center;\"><strong>Coni senza glutine<\/strong><\/p>\n<p style=\"text-align: center;\"><strong>Brioches gelato<\/strong><\/p>\n<p style=\"text-align: center;\"><strong>Cr\u00eapes<\/strong><\/p>\n<p style=\"text-align: center;\">\n<\/div>\n<\/div><\/div><\/div><\/div><\/div><\/div><div id=\"pg-2-2\"  class=\"panel-grid panel-has-style\" ><div style=\"padding: 100px 0; \" id=\"intolleranze\" data-overlay=\"true\" data-overlay-color=\"#000000\" class=\"panel-row-style panel-row-style-for-2-2\" ><div id=\"pgc-2-2-0\"  class=\"panel-grid-cell\" ><div id=\"panel-2-2-0-0\" class=\"so-panel widget widget_sow-editor panel-first-child panel-last-child\" data-index=\"2\" ><div style=\"text-align: left;\" data-title-color=\"#443f3f\" data-headings-color=\"#443f3f\" class=\"panel-widget-style panel-widget-style-for-2-2-0-0\" ><div\n\t\t\t\n\t\t\tclass=\"so-widget-sow-editor so-widget-sow-editor-base\"\n\t\t\t\n\t\t><h3 class=\"widget-title\">Intolleranze<\/h3>\n<div class=\"siteorigin-widget-tinymce textwidget\">\n\t<p style=\"text-align: center;\">La passione per il gusto passa anche attraverso l'attenzione alle intolleranze alimentari:<\/p>\n<p style=\"text-align: center;\">Alla Gelateria Malib\u00f9 di Carate <strong>tutti i gelati sono senza glutine<\/strong>.<\/p>\n<p style=\"text-align: center;\">Il gelato alla frutta \u00e8 fatto con frutta fresca, acqua e fruttosio ( senza latte, n\u00e9 derivati); I gusti fior di latte di capra (fatto con il latte di capra), il gusto soia e quello cioccolato fondente, sono particolarmente indicati per le persone <strong>intolleranti al lattosio<\/strong>.<\/p>\n<p><img loading=\"lazy\" class=\" wp-image-64 aligncenter\" src=\"http:\/\/malibu.rigagialla.it\/wp-content\/uploads\/2018\/06\/glutine-lattosio.png\" alt=\"\" width=\"435\" height=\"216\" srcset=\"https:\/\/www.gelateriamalibucarate.it\/wp-content\/uploads\/2018\/06\/glutine-lattosio.png 658w, https:\/\/www.gelateriamalibucarate.it\/wp-content\/uploads\/2018\/06\/glutine-lattosio-300x149.png 300w, https:\/\/www.gelateriamalibucarate.it\/wp-content\/uploads\/2018\/06\/glutine-lattosio-230x114.png 230w, https:\/\/www.gelateriamalibucarate.it\/wp-content\/uploads\/2018\/06\/glutine-lattosio-350x174.png 350w, https:\/\/www.gelateriamalibucarate.it\/wp-content\/uploads\/2018\/06\/glutine-lattosio-480x239.png 480w\" sizes=\"(max-width: 435px) 100vw, 435px\" \/><\/p>\n<\/div>\n<\/div><\/div><\/div><\/div><\/div><\/div><div id=\"pg-2-3\"  class=\"panel-grid panel-has-style\" ><div class=\"siteorigin-panels-stretch panel-row-style panel-row-style-for-2-3\" style=\"background-image: url(https:\/\/www.gelateriamalibucarate.it\/wp-content\/uploads\/2018\/07\/Sfondo-gelateria-carate-malibu-5.jpg);padding: 100px 0; \" id=\"contatti\" data-stretch-type=\"full\" data-hasbg=\"hasbg\" data-overlay=\"true\" data-overlay-color=\"#ffffff\" ><div id=\"pgc-2-3-0\"  class=\"panel-grid-cell\" ><div id=\"panel-2-3-0-0\" class=\"so-panel widget widget_sow-editor panel-first-child panel-last-child\" data-index=\"3\" ><div style=\"text-align: left;\" data-title-color=\"#0a0a0a\" data-headings-color=\"#0a0a0a\" class=\"panel-widget-style panel-widget-style-for-2-3-0-0\" ><div\n\t\t\t\n\t\t\tclass=\"so-widget-sow-editor so-widget-sow-editor-base\"\n\t\t\t\n\t\t><h3 class=\"widget-title\">Contatti<\/h3>\n<div class=\"siteorigin-widget-tinymce textwidget\">\n\t<div class=\"place-name\" style=\"text-align: center;\"><span style=\"color: #333333;\"><strong>Gelateria Malib\u00f9 di Sironi Andrea<\/strong><\/span><\/div>\n<div class=\"place-name\" style=\"text-align: center;\"><span style=\"color: #333333;\">Piazza Cesare Battisti, 5,<\/span><\/div>\n<div class=\"place-name\" style=\"text-align: center;\"><span style=\"color: #333333;\">20841 Carate Brianza MB<\/span><\/div>\n<div class=\"place-name\" style=\"text-align: center;\"><span style=\"color: #333333;\">Tel: 0362 902964<br \/>\nP.I.\u00a002724350968<br \/>\nC.F.\u00a0SRNNDR74B04B729B<\/span><\/div>\n<div><\/div>\n<div style=\"text-align: center;\"><strong>ORARI<br \/>\nMaggio - Agosto<\/strong><\/div>\n<div style=\"text-align: center;\">dal mercoled\u00ec al luned\u00ec: 10.30 - 23.30<\/div>\n<div style=\"text-align: center;\">domenica: 9.30 - 23.30<\/div>\n<div>\n<div style=\"text-align: center;\"><strong>Settembre - Aprile<\/strong><\/div>\n<div style=\"text-align: center;\">dal mercoled\u00ec al luned\u00ec: 10.30 - 22.30<\/div>\n<div style=\"text-align: center;\">domenica: 9.30 - 22.30<\/div>\n<\/div>\n<\/div>\n<\/div><\/div><\/div><\/div><div id=\"pgc-2-3-1\"  class=\"panel-grid-cell\" ><div id=\"panel-2-3-1-0\" class=\"so-panel widget widget_sow-editor panel-first-child panel-last-child\" data-index=\"4\" ><div style=\"text-align: left;\" data-title-color=\"#443f3f\" data-headings-color=\"#443f3f\" class=\"panel-widget-style panel-widget-style-for-2-3-1-0\" ><div\n\t\t\t\n\t\t\tclass=\"so-widget-sow-editor so-widget-sow-editor-base\"\n\t\t\t\n\t\t>\n<div class=\"siteorigin-widget-tinymce textwidget\">\n\t<p><iframe loading=\"lazy\" src=\"https:\/\/www.google.com\/maps\/embed?pb=!1m14!1m8!1m3!1d11150.74373387513!2d9.2354779!3d45.6772049!3m2!1i1024!2i768!4f13.1!3m3!1m2!1s0x0%3A0x119bbd8e9626cc23!2sGelateria+Malibu&#39;+Di+Sironi+Andrea!5e0!3m2!1sit!2sit!4v1529928274706\" width=\"700\" height=\"550\" frameborder=\"0\" style=\"border:0\" allowfullscreen><\/iframe><\/p>\n<\/div>\n<\/div><\/div><\/div><\/div><\/div><\/div><\/div>","protected":false},"excerpt":{"rendered":"<p>La nostra storia ha origine nel 1998, quando decidiamo di rilevare un [&hellip;]<\/p>\n","protected":false},"author":1,"featured_media":0,"parent":0,"menu_order":0,"comment_status":"closed","ping_status":"open","template":"page-templates\/page_front-page.php","meta":[],"yoast_head":"<!-- This site is optimized with the Yoast SEO plugin v19.10 - https:\/\/yoast.com\/wordpress\/plugins\/seo\/ -->\n<title>Gelateria Malib\u00f9 - Carate Brianza - Gelateria Malib\u00f9<\/title>\n<meta name=\"robots\" content=\"index, follow, max-snippet:-1, max-image-preview:large, max-video-preview:-1\" \/>\n<link rel=\"canonical\" href=\"https:\/\/www.gelateriamalibucarate.it\/\" \/>\n<meta property=\"og:locale\" content=\"it_IT\" \/>\n<meta property=\"og:type\" content=\"article\" \/>\n<meta property=\"og:title\" content=\"Gelateria Malib\u00f9 - Carate Brianza - Gelateria Malib\u00f9\" \/>\n<meta property=\"og:description\" content=\"La nostra storia ha origine nel 1998, quando decidiamo di rilevare un [&hellip;]\" \/>\n<meta property=\"og:url\" content=\"https:\/\/www.gelateriamalibucarate.it\/\" \/>\n<meta property=\"og:site_name\" content=\"Gelateria Malib\u00f9\" \/>\n<meta property=\"article:modified_time\" content=\"2019-07-10T12:21:22+00:00\" \/>\n<meta property=\"og:image\" content=\"http:\/\/malibu.rigagialla.it\/wp-content\/uploads\/2018\/06\/glutine-lattosio.png\" \/>\n<meta name=\"twitter:card\" content=\"summary_large_image\" \/>\n<meta name=\"twitter:label1\" content=\"Tempo di lettura stimato\" \/>\n\t<meta name=\"twitter:data1\" content=\"2 minuti\" \/>\n<script type=\"application\/ld+json\" class=\"yoast-schema-graph\">{\"@context\":\"https:\/\/schema.org\",\"@graph\":[{\"@type\":\"WebPage\",\"@id\":\"https:\/\/www.gelateriamalibucarate.it\/\",\"url\":\"https:\/\/www.gelateriamalibucarate.it\/\",\"name\":\"Gelateria Malib\u00f9 - Carate Brianza - Gelateria Malib\u00f9\",\"isPartOf\":{\"@id\":\"https:\/\/www.gelateriamalibucarate.it\/#website\"},\"datePublished\":\"2018-06-04T13:04:48+00:00\",\"dateModified\":\"2019-07-10T12:21:22+00:00\",\"breadcrumb\":{\"@id\":\"https:\/\/www.gelateriamalibucarate.it\/#breadcrumb\"},\"inLanguage\":\"it-IT\",\"potentialAction\":[{\"@type\":\"ReadAction\",\"target\":[\"https:\/\/www.gelateriamalibucarate.it\/\"]}]},{\"@type\":\"BreadcrumbList\",\"@id\":\"https:\/\/www.gelateriamalibucarate.it\/#breadcrumb\",\"itemListElement\":[{\"@type\":\"ListItem\",\"position\":1,\"name\":\"Home\",\"item\":\"https:\/\/www.gelateriamalibucarate.it\/\"},{\"@type\":\"ListItem\",\"position\":2,\"name\":\"Gelateria Malib\u00f9 &#8211; Carate Brianza\"}]},{\"@type\":\"WebSite\",\"@id\":\"https:\/\/www.gelateriamalibucarate.it\/#website\",\"url\":\"https:\/\/www.gelateriamalibucarate.it\/\",\"name\":\"Gelateria Malib\u00f9\",\"description\":\"gelateria a Carate Brianza dal 1998\",\"potentialAction\":[{\"@type\":\"SearchAction\",\"target\":{\"@type\":\"EntryPoint\",\"urlTemplate\":\"https:\/\/www.gelateriamalibucarate.it\/?s={search_term_string}\"},\"query-input\":\"required name=search_term_string\"}],\"inLanguage\":\"it-IT\"}]}<\/script>\n<!-- \/ Yoast SEO plugin. -->","yoast_head_json":{"title":"Gelateria Malib\u00f9 - Carate Brianza - Gelateria Malib\u00f9","robots":{"index":"index","follow":"follow","max-snippet":"max-snippet:-1","max-image-preview":"max-image-preview:large","max-video-preview":"max-video-preview:-1"},"canonical":"https:\/\/www.gelateriamalibucarate.it\/","og_locale":"it_IT","og_type":"article","og_title":"Gelateria Malib\u00f9 - Carate Brianza - Gelateria Malib\u00f9","og_description":"La nostra storia ha origine nel 1998, quando decidiamo di rilevare un [&hellip;]","og_url":"https:\/\/www.gelateriamalibucarate.it\/","og_site_name":"Gelateria Malib\u00f9","article_modified_time":"2019-07-10T12:21:22+00:00","og_image":[{"url":"http:\/\/malibu.rigagialla.it\/wp-content\/uploads\/2018\/06\/glutine-lattosio.png"}],"twitter_card":"summary_large_image","twitter_misc":{"Tempo di lettura stimato":"2 minuti"},"schema":{"@context":"https:\/\/schema.org","@graph":[{"@type":"WebPage","@id":"https:\/\/www.gelateriamalibucarate.it\/","url":"https:\/\/www.gelateriamalibucarate.it\/","name":"Gelateria Malib\u00f9 - Carate Brianza - Gelateria Malib\u00f9","isPartOf":{"@id":"https:\/\/www.gelateriamalibucarate.it\/#website"},"datePublished":"2018-06-04T13:04:48+00:00","dateModified":"2019-07-10T12:21:22+00:00","breadcrumb":{"@id":"https:\/\/www.gelateriamalibucarate.it\/#breadcrumb"},"inLanguage":"it-IT","potentialAction":[{"@type":"ReadAction","target":["https:\/\/www.gelateriamalibucarate.it\/"]}]},{"@type":"BreadcrumbList","@id":"https:\/\/www.gelateriamalibucarate.it\/#breadcrumb","itemListElement":[{"@type":"ListItem","position":1,"name":"Home","item":"https:\/\/www.gelateriamalibucarate.it\/"},{"@type":"ListItem","position":2,"name":"Gelateria Malib\u00f9 &#8211; Carate Brianza"}]},{"@type":"WebSite","@id":"https:\/\/www.gelateriamalibucarate.it\/#website","url":"https:\/\/www.gelateriamalibucarate.it\/","name":"Gelateria Malib\u00f9","description":"gelateria a Carate Brianza dal 1998","potentialAction":[{"@type":"SearchAction","target":{"@type":"EntryPoint","urlTemplate":"https:\/\/www.gelateriamalibucarate.it\/?s={search_term_string}"},"query-input":"required name=search_term_string"}],"inLanguage":"it-IT"}]}},"_links":{"self":[{"href":"https:\/\/www.gelateriamalibucarate.it\/index.php?rest_route=\/wp\/v2\/pages\/2"}],"collection":[{"href":"https:\/\/www.gelateriamalibucarate.it\/index.php?rest_route=\/wp\/v2\/pages"}],"about":[{"href":"https:\/\/www.gelateriamalibucarate.it\/index.php?rest_route=\/wp\/v2\/types\/page"}],"author":[{"embeddable":true,"href":"https:\/\/www.gelateriamalibucarate.it\/index.php?rest_route=\/wp\/v2\/users\/1"}],"replies":[{"embeddable":true,"href":"https:\/\/www.gelateriamalibucarate.it\/index.php?rest_route=%2Fwp%2Fv2%2Fcomments&post=2"}],"version-history":[{"count":84,"href":"https:\/\/www.gelateriamalibucarate.it\/index.php?rest_route=\/wp\/v2\/pages\/2\/revisions"}],"predecessor-version":[{"id":139,"href":"https:\/\/www.gelateriamalibucarate.it\/index.php?rest_route=\/wp\/v2\/pages\/2\/revisions\/139"}],"wp:attachment":[{"href":"https:\/\/www.gelateriamalibucarate.it\/index.php?rest_route=%2Fwp%2Fv2%2Fmedia&parent=2"}],"curies":[{"name":"wp","href":"https:\/\/api.w.org\/{rel}","templated":true}]}}